{"id":523,"date":"2024-03-18T07:57:29","date_gmt":"2024-03-18T10:57:29","guid":{"rendered":"https:\/\/ouroverdeassistencia.com.br\/?page_id=523"},"modified":"2024-03-27T19:55:38","modified_gmt":"2024-03-27T22:55:38","slug":"sobre","status":"publish","type":"page","link":"https:\/\/ouroverdeassistencia.com.br\/?page_id=523","title":{"rendered":"Sobre"},"content":{"rendered":"\t\t<div data-elementor-type=\"wp-page\" data-elementor-id=\"523\" class=\"elementor elementor-523\" data-elementor-post-type=\"page\">\n\t\t\t\t<div class=\"elementor-element elementor-element-7c93df9 e-con-full e-flex e-con e-parent\" data-id=\"7c93df9\" data-element_type=\"container\">\n\t\t<div class=\"elementor-element elementor-element-087e80c e-con-full e-flex e-con e-child\" data-id=\"087e80c\" data-element_type=\"container\">\n\t\t\t\t<div class=\"elementor-element elementor-element-8d23f46 elementor-widget__width-initial elementor-widget elementor-widget-heading\" data-id=\"8d23f46\" data-element_type=\"widget\" data-widget_type=\"heading.default\">\n\t\t\t\t<div class=\"elementor-widget-container\">\n\t\t\t\t\t<h2 class=\"elementor-heading-title elementor-size-default\">Prazer, somos a Ouro Verde.<br>Uma equipe de profissionais dedicados a oferecer servi\u00e7os funer\u00e1rios com compaix\u00e3o, dignidade e respeito a cada fam\u00edlia que atendemos. Para que isso seja poss\u00edvel, oferecemos atendimento 24 horas para nossos associados e contamos com a nossa sede, localizada em Campinas.<\/h2>\t\t\t\t<\/div>\n\t\t\t\t<\/div>\n\t\t\t\t<div class=\"elementor-element elementor-element-8d89e9e elementor-widget-divider--view-line elementor-widget elementor-widget-divider\" data-id=\"8d89e9e\" data-element_type=\"widget\" data-widget_type=\"divider.default\">\n\t\t\t\t<div class=\"elementor-widget-container\">\n\t\t\t\t\t\t\t<div class=\"elementor-divider\">\n\t\t\t<span class=\"elementor-divider-separator\">\n\t\t\t\t\t\t<\/span>\n\t\t<\/div>\n\t\t\t\t\t\t<\/div>\n\t\t\t\t<\/div>\n\t\t\t\t<div class=\"elementor-element elementor-element-d6cb3fa elementor-widget__width-initial elementor-widget elementor-widget-image\" data-id=\"d6cb3fa\" data-element_type=\"widget\" data-widget_type=\"image.default\">\n\t\t\t\t<div class=\"elementor-widget-container\">\n\t\t\t\t\t\t\t\t\t\t\t\t\t\t\t<img fetchpriority=\"high\" decoding=\"async\" width=\"1566\" height=\"500\" src=\"https:\/\/ouroverdeassistencia.com.br\/wp-content\/uploads\/2024\/03\/6-e1710625692402.png\" class=\"attachment-full size-full wp-image-354\" alt=\"\" srcset=\"https:\/\/ouroverdeassistencia.com.br\/wp-content\/uploads\/2024\/03\/6-e1710625692402.png 1566w, https:\/\/ouroverdeassistencia.com.br\/wp-content\/uploads\/2024\/03\/6-e1710625692402-300x96.png 300w, https:\/\/ouroverdeassistencia.com.br\/wp-content\/uploads\/2024\/03\/6-e1710625692402-1024x327.png 1024w, https:\/\/ouroverdeassistencia.com.br\/wp-content\/uploads\/2024\/03\/6-e1710625692402-768x245.png 768w, https:\/\/ouroverdeassistencia.com.br\/wp-content\/uploads\/2024\/03\/6-e1710625692402-1536x490.png 1536w, https:\/\/ouroverdeassistencia.com.br\/wp-content\/uploads\/2024\/03\/6-e1710625692402-600x192.png 600w\" sizes=\"(max-width: 1566px) 100vw, 1566px\" \/>\t\t\t\t\t\t\t\t\t\t\t\t\t\t\t<\/div>\n\t\t\t\t<\/div>\n\t\t\t\t<\/div>\n\t\t<div class=\"elementor-element elementor-element-fb0221e e-con-full e-flex e-con e-child\" data-id=\"fb0221e\" data-element_type=\"container\">\n\t\t\t\t<div class=\"elementor-element elementor-element-8edfcc9 elementor-widget elementor-widget-heading\" data-id=\"8edfcc9\" data-element_type=\"widget\" data-widget_type=\"heading.default\">\n\t\t\t\t<div class=\"elementor-widget-container\">\n\t\t\t\t\t<h2 class=\"elementor-heading-title elementor-size-default\">Entendemos que lidar com a perda de um ente querido \u00e9 uma experi\u00eancia profundamente pessoal e desafiadora, pensando nisso, todos os Planos Funer\u00e1rios da Ouro Verde cobrem a abertura e fechamento de jazigo, garantindo um processo sem complica\u00e7\u00f5es em um momento t\u00e3o delicado. \n\n<\/h2>\t\t\t\t<\/div>\n\t\t\t\t<\/div>\n\t\t\t\t<\/div>\n\t\t\t\t<\/div>\n\t\t<div class=\"elementor-element elementor-element-5498cac e-flex e-con-boxed e-con e-parent\" data-id=\"5498cac\" data-element_type=\"container\">\n\t\t\t\t\t<div class=\"e-con-inner\">\n\t\t<div class=\"elementor-element elementor-element-e5686d1 e-con-full e-flex e-con e-child\" data-id=\"e5686d1\" data-element_type=\"container\">\n\t\t\t\t<div class=\"elementor-element elementor-element-ed89e88 elementor-widget elementor-widget-image\" data-id=\"ed89e88\" data-element_type=\"widget\" data-widget_type=\"image.default\">\n\t\t\t\t<div class=\"elementor-widget-container\">\n\t\t\t\t\t\t\t\t\t\t\t\t\t\t\t<img decoding=\"async\" width=\"1280\" height=\"450\" src=\"https:\/\/ouroverdeassistencia.com.br\/wp-content\/uploads\/2024\/02\/Loja-Tanaka-Foto-Horizontal-9-1280x450.png\" class=\"attachment-kava-thumb-justify-2 size-kava-thumb-justify-2 wp-image-184\" alt=\"\" \/>\t\t\t\t\t\t\t\t\t\t\t\t\t\t\t<\/div>\n\t\t\t\t<\/div>\n\t\t\t\t<\/div>\n\t\t<div class=\"elementor-element elementor-element-4e121df e-con-full e-flex e-con e-child\" data-id=\"4e121df\" data-element_type=\"container\">\n\t\t\t\t<div class=\"elementor-element elementor-element-dc33897 elementor-widget elementor-widget-heading\" data-id=\"dc33897\" data-element_type=\"widget\" data-widget_type=\"heading.default\">\n\t\t\t\t<div class=\"elementor-widget-container\">\n\t\t\t\t\t<h2 class=\"elementor-heading-title elementor-size-default\">Al\u00e9m de termos uma variedade de servi\u00e7os para honrar a mem\u00f3ria de seus entes queridos, tamb\u00e9m oferecemos a possibilidade da compra dos jazigos, como uma forma de preven\u00e7\u00e3o. Desse modo, facilitamos a forma de pagamento e       diluimos-a ao longo dos anos.<\/h2>\t\t\t\t<\/div>\n\t\t\t\t<\/div>\n\t\t\t\t<\/div>\n\t\t\t\t\t<\/div>\n\t\t\t\t<\/div>\n\t\t<div class=\"elementor-element elementor-element-07781f4 e-flex e-con-boxed e-con e-parent\" data-id=\"07781f4\" data-element_type=\"container\">\n\t\t\t\t\t<div class=\"e-con-inner\">\n\t\t<div class=\"elementor-element elementor-element-29d1a0c e-con-full e-flex e-con e-child\" data-id=\"29d1a0c\" data-element_type=\"container\">\n\t\t\t\t<div class=\"elementor-element elementor-element-228b88b elementor-widget elementor-widget-heading\" data-id=\"228b88b\" data-element_type=\"widget\" data-widget_type=\"heading.default\">\n\t\t\t\t<div class=\"elementor-widget-container\">\n\t\t\t\t\t<h2 class=\"elementor-heading-title elementor-size-default\">Aqui na Assist\u00eancia Funer\u00e1ria Ouro Verde, cada cliente \u00e9 tratado com respeito, dignidade e cuidado individualizado. Nossa equipe altamente capacitada est\u00e1 aqui para orient\u00e1-lo atrav\u00e9s de cada etapa do processo, desde o planejamento do servi\u00e7o funer\u00e1rio at\u00e9 o apoio emocional cont\u00ednuo ap\u00f3s a despedida.<\/h2>\t\t\t\t<\/div>\n\t\t\t\t<\/div>\n\t\t\t\t<\/div>\n\t\t<div class=\"elementor-element elementor-element-418a86d e-con-full e-flex e-con e-child\" data-id=\"418a86d\" data-element_type=\"container\">\n\t\t\t\t<div class=\"elementor-element elementor-element-bbdc0b0 elementor-widget elementor-widget-image\" data-id=\"bbdc0b0\" data-element_type=\"widget\" data-widget_type=\"image.default\">\n\t\t\t\t<div class=\"elementor-widget-container\">\n\t\t\t\t\t\t\t\t\t\t\t\t\t\t\t<img decoding=\"async\" width=\"1024\" height=\"271\" src=\"https:\/\/ouroverdeassistencia.com.br\/wp-content\/uploads\/2024\/02\/Loja-Tanaka-Foto-Horizontal-8-1024x271.png\" class=\"attachment-large size-large wp-image-185\" alt=\"\" srcset=\"https:\/\/ouroverdeassistencia.com.br\/wp-content\/uploads\/2024\/02\/Loja-Tanaka-Foto-Horizontal-8-1024x271.png 1024w, https:\/\/ouroverdeassistencia.com.br\/wp-content\/uploads\/2024\/02\/Loja-Tanaka-Foto-Horizontal-8-300x79.png 300w, https:\/\/ouroverdeassistencia.com.br\/wp-content\/uploads\/2024\/02\/Loja-Tanaka-Foto-Horizontal-8-768x203.png 768w, https:\/\/ouroverdeassistencia.com.br\/wp-content\/uploads\/2024\/02\/Loja-Tanaka-Foto-Horizontal-8-1536x407.png 1536w, https:\/\/ouroverdeassistencia.com.br\/wp-content\/uploads\/2024\/02\/Loja-Tanaka-Foto-Horizontal-8-600x159.png 600w, https:\/\/ouroverdeassistencia.com.br\/wp-content\/uploads\/2024\/02\/Loja-Tanaka-Foto-Horizontal-8.png 1700w\" sizes=\"(max-width: 1024px) 100vw, 1024px\" \/>\t\t\t\t\t\t\t\t\t\t\t\t\t\t\t<\/div>\n\t\t\t\t<\/div>\n\t\t\t\t<\/div>\n\t\t\t\t\t<\/div>\n\t\t\t\t<\/div>\n\t\t<div class=\"elementor-element elementor-element-5e5e0fc e-flex e-con-boxed e-con e-parent\" data-id=\"5e5e0fc\" data-element_type=\"container\">\n\t\t\t\t\t<div class=\"e-con-inner\">\n\t\t\t\t<div class=\"elementor-element elementor-element-3e2287b elementor-widget elementor-widget-heading\" data-id=\"3e2287b\" data-element_type=\"widget\" data-widget_type=\"heading.default\">\n\t\t\t\t<div class=\"elementor-widget-container\">\n\t\t\t\t\t<h2 class=\"elementor-heading-title elementor-size-default\">\u00c9 uma honra para n\u00f3s fazer parte desse momento significativo em suas vidas e estamos aqui para oferecer todo o apoio e conforto que voc\u00ea precisa. Obrigado por confiar em n\u00f3s para fornecer o suporte necess\u00e1rio durante este per\u00edodo desafiador!\n<\/h2>\t\t\t\t<\/div>\n\t\t\t\t<\/div>\n\t\t\t\t\t<\/div>\n\t\t\t\t<\/div>\n\t\t<div class=\"elementor-element elementor-element-3911c16 e-flex e-con-boxed e-con e-parent\" data-id=\"3911c16\" data-element_type=\"container\">\n\t\t\t\t\t<div class=\"e-con-inner\">\n\t\t\t\t<div class=\"elementor-element elementor-element-e6ec5de elementor-widget elementor-widget-image\" data-id=\"e6ec5de\" data-element_type=\"widget\" data-widget_type=\"image.default\">\n\t\t\t\t<div class=\"elementor-widget-container\">\n\t\t\t\t\t\t\t\t\t\t\t\t\t\t\t<img loading=\"lazy\" decoding=\"async\" width=\"150\" height=\"150\" src=\"https:\/\/ouroverdeassistencia.com.br\/wp-content\/uploads\/2024\/02\/Ouro-Verde-Assistencia-Funeraria-150x150.png\" class=\"attachment-thumbnail size-thumbnail wp-image-31\" alt=\"\" srcset=\"https:\/\/ouroverdeassistencia.com.br\/wp-content\/uploads\/2024\/02\/Ouro-Verde-Assistencia-Funeraria-150x150.png 150w, https:\/\/ouroverdeassistencia.com.br\/wp-content\/uploads\/2024\/02\/Ouro-Verde-Assistencia-Funeraria-300x300.png 300w, https:\/\/ouroverdeassistencia.com.br\/wp-content\/uploads\/2024\/02\/Ouro-Verde-Assistencia-Funeraria.png 500w\" sizes=\"(max-width: 150px) 100vw, 150px\" \/>\t\t\t\t\t\t\t\t\t\t\t\t\t\t\t<\/div>\n\t\t\t\t<\/div>\n\t\t\t\t\t<\/div>\n\t\t\t\t<\/div>\n\t\t\t\t<\/div>\n\t\t","protected":false},"excerpt":{"rendered":"<p>Prazer, somos a Ouro Verde.Uma equipe de profissionais dedicados a oferecer servi\u00e7os funer\u00e1rios com compaix\u00e3o, dignidade e respeito a cada fam\u00edlia que atendemos. Para que isso seja poss\u00edvel, oferecemos atendimento 24 horas para nossos associados e contamos com a nossa sede, localizada em Campinas. Entendemos que lidar com a perda de um ente querido \u00e9 [&hellip;]<\/p>\n","protected":false},"author":1,"featured_media":0,"parent":0,"menu_order":0,"comment_status":"closed","ping_status":"closed","template":"elementor_header_footer","meta":{"footnotes":""},"class_list":["post-523","page","type-page","status-publish","hentry"],"yoast_head":"<!-- This site is optimized with the Yoast SEO plugin v26.1.1 - https:\/\/yoast.com\/wordpress\/plugins\/seo\/ -->\n<title>Assist\u00eancia Funer\u00e1ria Ouro Verde - Quem somos?<\/title>\n<meta name=\"description\" content=\"Nosso diferencial est\u00e1 em entender as necessidades de cada cliente, proporcionando conforto e assist\u00eancia em momentos dif\u00edceis. Conhe\u00e7a nossa hist\u00f3ria\" \/>\n<meta name=\"robots\" content=\"index, follow, max-snippet:-1, max-image-preview:large, max-video-preview:-1\" \/>\n<link rel=\"canonical\" href=\"https:\/\/ouroverdeassistencia.com.br\/?page_id=523\" \/>\n<meta property=\"og:locale\" content=\"pt_BR\" \/>\n<meta property=\"og:type\" content=\"article\" \/>\n<meta property=\"og:title\" content=\"Assist\u00eancia Funer\u00e1ria Ouro Verde - Quem somos?\" \/>\n<meta property=\"og:description\" content=\"Nosso diferencial est\u00e1 em entender as necessidades de cada cliente, proporcionando conforto e assist\u00eancia em momentos dif\u00edceis. Conhe\u00e7a nossa hist\u00f3ria\" \/>\n<meta property=\"og:url\" content=\"https:\/\/ouroverdeassistencia.com.br\/?page_id=523\" \/>\n<meta property=\"og:site_name\" content=\"Assistencia Funeraria Ouro Verde\" \/>\n<meta property=\"article:modified_time\" content=\"2024-03-27T22:55:38+00:00\" \/>\n<meta property=\"og:image\" content=\"https:\/\/ouroverdeassistencia.com.br\/wp-content\/uploads\/2024\/03\/6-e1710625692402.png\" \/>\n<meta name=\"twitter:card\" content=\"summary_large_image\" \/>\n<meta name=\"twitter:label1\" content=\"Est. tempo de leitura\" \/>\n\t<meta name=\"twitter:data1\" content=\"2 minutos\" \/>\n<script type=\"application\/ld+json\" class=\"yoast-schema-graph\">{\"@context\":\"https:\/\/schema.org\",\"@graph\":[{\"@type\":\"WebPage\",\"@id\":\"https:\/\/ouroverdeassistencia.com.br\/?page_id=523\",\"url\":\"https:\/\/ouroverdeassistencia.com.br\/?page_id=523\",\"name\":\"Assist\u00eancia Funer\u00e1ria Ouro Verde - Quem somos?\",\"isPartOf\":{\"@id\":\"https:\/\/ouroverdeassistencia.com.br\/#website\"},\"primaryImageOfPage\":{\"@id\":\"https:\/\/ouroverdeassistencia.com.br\/?page_id=523#primaryimage\"},\"image\":{\"@id\":\"https:\/\/ouroverdeassistencia.com.br\/?page_id=523#primaryimage\"},\"thumbnailUrl\":\"https:\/\/ouroverdeassistencia.com.br\/wp-content\/uploads\/2024\/03\/6-e1710625692402.png\",\"datePublished\":\"2024-03-18T10:57:29+00:00\",\"dateModified\":\"2024-03-27T22:55:38+00:00\",\"description\":\"Nosso diferencial est\u00e1 em entender as necessidades de cada cliente, proporcionando conforto e assist\u00eancia em momentos dif\u00edceis. Conhe\u00e7a nossa hist\u00f3ria\",\"breadcrumb\":{\"@id\":\"https:\/\/ouroverdeassistencia.com.br\/?page_id=523#breadcrumb\"},\"inLanguage\":\"pt-BR\",\"potentialAction\":[{\"@type\":\"ReadAction\",\"target\":[\"https:\/\/ouroverdeassistencia.com.br\/?page_id=523\"]}]},{\"@type\":\"ImageObject\",\"inLanguage\":\"pt-BR\",\"@id\":\"https:\/\/ouroverdeassistencia.com.br\/?page_id=523#primaryimage\",\"url\":\"https:\/\/ouroverdeassistencia.com.br\/wp-content\/uploads\/2024\/03\/6-e1710625692402.png\",\"contentUrl\":\"https:\/\/ouroverdeassistencia.com.br\/wp-content\/uploads\/2024\/03\/6-e1710625692402.png\",\"width\":1566,\"height\":500},{\"@type\":\"BreadcrumbList\",\"@id\":\"https:\/\/ouroverdeassistencia.com.br\/?page_id=523#breadcrumb\",\"itemListElement\":[{\"@type\":\"ListItem\",\"position\":1,\"name\":\"In\u00edcio\",\"item\":\"https:\/\/ouroverdeassistencia.com.br\/\"},{\"@type\":\"ListItem\",\"position\":2,\"name\":\"Sobre\"}]},{\"@type\":\"WebSite\",\"@id\":\"https:\/\/ouroverdeassistencia.com.br\/#website\",\"url\":\"https:\/\/ouroverdeassistencia.com.br\/\",\"name\":\"Funeraria Ouro Verde\",\"description\":\"Assist\u00eancia Funer\u00e1ria Familiar. Apoiamos voc\u00ea e sua fam\u00edlia nos momentos mais dif\u00edceis.\",\"publisher\":{\"@id\":\"https:\/\/ouroverdeassistencia.com.br\/#organization\"},\"potentialAction\":[{\"@type\":\"SearchAction\",\"target\":{\"@type\":\"EntryPoint\",\"urlTemplate\":\"https:\/\/ouroverdeassistencia.com.br\/?s={search_term_string}\"},\"query-input\":{\"@type\":\"PropertyValueSpecification\",\"valueRequired\":true,\"valueName\":\"search_term_string\"}}],\"inLanguage\":\"pt-BR\"},{\"@type\":\"Organization\",\"@id\":\"https:\/\/ouroverdeassistencia.com.br\/#organization\",\"name\":\"Assistencia Funeraria Ouro Verde\",\"url\":\"https:\/\/ouroverdeassistencia.com.br\/\",\"logo\":{\"@type\":\"ImageObject\",\"inLanguage\":\"pt-BR\",\"@id\":\"https:\/\/ouroverdeassistencia.com.br\/#\/schema\/logo\/image\/\",\"url\":\"https:\/\/ouroverdeassistencia.com.br\/wp-content\/uploads\/2024\/02\/Ouro-Verde-Assistencia-Funeraria.png\",\"contentUrl\":\"https:\/\/ouroverdeassistencia.com.br\/wp-content\/uploads\/2024\/02\/Ouro-Verde-Assistencia-Funeraria.png\",\"width\":500,\"height\":500,\"caption\":\"Assistencia Funeraria Ouro Verde\"},\"image\":{\"@id\":\"https:\/\/ouroverdeassistencia.com.br\/#\/schema\/logo\/image\/\"}}]}<\/script>\n<!-- \/ Yoast SEO plugin. -->","yoast_head_json":{"title":"Assist\u00eancia Funer\u00e1ria Ouro Verde - Quem somos?","description":"Nosso diferencial est\u00e1 em entender as necessidades de cada cliente, proporcionando conforto e assist\u00eancia em momentos dif\u00edceis. Conhe\u00e7a nossa hist\u00f3ria","robots":{"index":"index","follow":"follow","max-snippet":"max-snippet:-1","max-image-preview":"max-image-preview:large","max-video-preview":"max-video-preview:-1"},"canonical":"https:\/\/ouroverdeassistencia.com.br\/?page_id=523","og_locale":"pt_BR","og_type":"article","og_title":"Assist\u00eancia Funer\u00e1ria Ouro Verde - Quem somos?","og_description":"Nosso diferencial est\u00e1 em entender as necessidades de cada cliente, proporcionando conforto e assist\u00eancia em momentos dif\u00edceis. Conhe\u00e7a nossa hist\u00f3ria","og_url":"https:\/\/ouroverdeassistencia.com.br\/?page_id=523","og_site_name":"Assistencia Funeraria Ouro Verde","article_modified_time":"2024-03-27T22:55:38+00:00","og_image":[{"url":"https:\/\/ouroverdeassistencia.com.br\/wp-content\/uploads\/2024\/03\/6-e1710625692402.png","type":"","width":"","height":""}],"twitter_card":"summary_large_image","twitter_misc":{"Est. tempo de leitura":"2 minutos"},"schema":{"@context":"https:\/\/schema.org","@graph":[{"@type":"WebPage","@id":"https:\/\/ouroverdeassistencia.com.br\/?page_id=523","url":"https:\/\/ouroverdeassistencia.com.br\/?page_id=523","name":"Assist\u00eancia Funer\u00e1ria Ouro Verde - Quem somos?","isPartOf":{"@id":"https:\/\/ouroverdeassistencia.com.br\/#website"},"primaryImageOfPage":{"@id":"https:\/\/ouroverdeassistencia.com.br\/?page_id=523#primaryimage"},"image":{"@id":"https:\/\/ouroverdeassistencia.com.br\/?page_id=523#primaryimage"},"thumbnailUrl":"https:\/\/ouroverdeassistencia.com.br\/wp-content\/uploads\/2024\/03\/6-e1710625692402.png","datePublished":"2024-03-18T10:57:29+00:00","dateModified":"2024-03-27T22:55:38+00:00","description":"Nosso diferencial est\u00e1 em entender as necessidades de cada cliente, proporcionando conforto e assist\u00eancia em momentos dif\u00edceis. Conhe\u00e7a nossa hist\u00f3ria","breadcrumb":{"@id":"https:\/\/ouroverdeassistencia.com.br\/?page_id=523#breadcrumb"},"inLanguage":"pt-BR","potentialAction":[{"@type":"ReadAction","target":["https:\/\/ouroverdeassistencia.com.br\/?page_id=523"]}]},{"@type":"ImageObject","inLanguage":"pt-BR","@id":"https:\/\/ouroverdeassistencia.com.br\/?page_id=523#primaryimage","url":"https:\/\/ouroverdeassistencia.com.br\/wp-content\/uploads\/2024\/03\/6-e1710625692402.png","contentUrl":"https:\/\/ouroverdeassistencia.com.br\/wp-content\/uploads\/2024\/03\/6-e1710625692402.png","width":1566,"height":500},{"@type":"BreadcrumbList","@id":"https:\/\/ouroverdeassistencia.com.br\/?page_id=523#breadcrumb","itemListElement":[{"@type":"ListItem","position":1,"name":"In\u00edcio","item":"https:\/\/ouroverdeassistencia.com.br\/"},{"@type":"ListItem","position":2,"name":"Sobre"}]},{"@type":"WebSite","@id":"https:\/\/ouroverdeassistencia.com.br\/#website","url":"https:\/\/ouroverdeassistencia.com.br\/","name":"Funeraria Ouro Verde","description":"Assist\u00eancia Funer\u00e1ria Familiar. Apoiamos voc\u00ea e sua fam\u00edlia nos momentos mais dif\u00edceis.","publisher":{"@id":"https:\/\/ouroverdeassistencia.com.br\/#organization"},"potentialAction":[{"@type":"SearchAction","target":{"@type":"EntryPoint","urlTemplate":"https:\/\/ouroverdeassistencia.com.br\/?s={search_term_string}"},"query-input":{"@type":"PropertyValueSpecification","valueRequired":true,"valueName":"search_term_string"}}],"inLanguage":"pt-BR"},{"@type":"Organization","@id":"https:\/\/ouroverdeassistencia.com.br\/#organization","name":"Assistencia Funeraria Ouro Verde","url":"https:\/\/ouroverdeassistencia.com.br\/","logo":{"@type":"ImageObject","inLanguage":"pt-BR","@id":"https:\/\/ouroverdeassistencia.com.br\/#\/schema\/logo\/image\/","url":"https:\/\/ouroverdeassistencia.com.br\/wp-content\/uploads\/2024\/02\/Ouro-Verde-Assistencia-Funeraria.png","contentUrl":"https:\/\/ouroverdeassistencia.com.br\/wp-content\/uploads\/2024\/02\/Ouro-Verde-Assistencia-Funeraria.png","width":500,"height":500,"caption":"Assistencia Funeraria Ouro Verde"},"image":{"@id":"https:\/\/ouroverdeassistencia.com.br\/#\/schema\/logo\/image\/"}}]}},"_links":{"self":[{"href":"https:\/\/ouroverdeassistencia.com.br\/index.php?rest_route=\/wp\/v2\/pages\/523","targetHints":{"allow":["GET"]}}],"collection":[{"href":"https:\/\/ouroverdeassistencia.com.br\/index.php?rest_route=\/wp\/v2\/pages"}],"about":[{"href":"https:\/\/ouroverdeassistencia.com.br\/index.php?rest_route=\/wp\/v2\/types\/page"}],"author":[{"embeddable":true,"href":"https:\/\/ouroverdeassistencia.com.br\/index.php?rest_route=\/wp\/v2\/users\/1"}],"replies":[{"embeddable":true,"href":"https:\/\/ouroverdeassistencia.com.br\/index.php?rest_route=%2Fwp%2Fv2%2Fcomments&post=523"}],"version-history":[{"count":31,"href":"https:\/\/ouroverdeassistencia.com.br\/index.php?rest_route=\/wp\/v2\/pages\/523\/revisions"}],"predecessor-version":[{"id":582,"href":"https:\/\/ouroverdeassistencia.com.br\/index.php?rest_route=\/wp\/v2\/pages\/523\/revisions\/582"}],"wp:attachment":[{"href":"https:\/\/ouroverdeassistencia.com.br\/index.php?rest_route=%2Fwp%2Fv2%2Fmedia&parent=523"}],"curies":[{"name":"wp","href":"https:\/\/api.w.org\/{rel}","templated":true}]}}